{"id":3154,"date":"2023-08-01T20:48:01","date_gmt":"2023-08-01T18:48:01","guid":{"rendered":"https:\/\/maintenance360.pl\/?page_id=3154"},"modified":"2023-08-01T20:49:52","modified_gmt":"2023-08-01T18:49:52","slug":"filmy-kongres-maintenance360-16-17-05-2023","status":"publish","type":"page","link":"https:\/\/maintenance360.pl\/?page_id=3154","title":{"rendered":"Filmy | Kongres #Maintenance360 | 16\/17.05.2023"},"content":{"rendered":"\t\t<div data-elementor-type=\"wp-page\" data-elementor-id=\"3154\" class=\"elementor elementor-3154\">\n\t\t\t\t\t\t<section class=\"elementor-section elementor-top-section elementor-element elementor-element-432ad4eb elementor-section-boxed elementor-section-height-default elementor-section-height-default\" data-id=\"432ad4eb\" data-element_type=\"section\" data-e-type=\"section\" data-settings=\"{&quot;background_background&quot;:&quot;classic&quot;}\">\n\t\t\t\t\t\t\t<div class=\"elementor-background-overlay\"><\/div>\n\t\t\t\t\t\t\t<div class=\"elementor-container elementor-column-gap-default\">\n\t\t\t\t\t<div class=\"elementor-column elementor-col-100 elementor-top-column elementor-element elementor-element-0adba11\" data-id=\"0adba11\" data-element_type=\"column\" data-e-type=\"column\">\n\t\t\t<div class=\"elementor-widget-wrap elementor-element-populated\">\n\t\t\t\t\t\t<div class=\"elementor-element elementor-element-60978eb elementor-invisible elementor-widget elementor-widget-heading\" data-id=\"60978eb\" data-element_type=\"widget\" data-e-type=\"widget\" data-settings=\"{&quot;_animation&quot;:&quot;fadeInDown&quot;}\" data-widget_type=\"heading.default\">\n\t\t\t\t<div class=\"elementor-widget-container\">\n\t\t\t\t\t<h2 class=\"elementor-heading-title elementor-size-default\">Filmy | Kongres #Maintenance360 | 16\/17.05.2023<\/h2>\t\t\t\t<\/div>\n\t\t\t\t<\/div>\n\t\t\t\t<div class=\"elementor-element elementor-element-4433621 elementor-widget-divider--view-line_icon elementor-view-default elementor-widget-divider--element-align-center elementor-invisible elementor-widget elementor-widget-divider\" data-id=\"4433621\" data-element_type=\"widget\" data-e-type=\"widget\" data-settings=\"{&quot;_animation&quot;:&quot;fadeInDown&quot;}\" data-widget_type=\"divider.default\">\n\t\t\t\t<div class=\"elementor-widget-container\">\n\t\t\t\t\t\t\t<div class=\"elementor-divider\">\n\t\t\t<span class=\"elementor-divider-separator\">\n\t\t\t\t\t\t\t<div class=\"elementor-icon elementor-divider__element\">\n\t\t\t\t\t<i aria-hidden=\"true\" class=\"fas fa-photo-video\"><\/i><\/div>\n\t\t\t\t\t\t<\/span>\n\t\t<\/div>\n\t\t\t\t\t\t<\/div>\n\t\t\t\t<\/div>\n\t\t\t\t<div class=\"elementor-element elementor-element-ab9906e elementor-widget elementor-widget-video\" data-id=\"ab9906e\" data-element_type=\"widget\" data-e-type=\"widget\" data-settings=\"{&quot;youtube_url&quot;:&quot;https:\\\/\\\/www.youtube.com\\\/watch?v=zQBS7b2xnFI&quot;,&quot;video_type&quot;:&quot;youtube&quot;,&quot;controls&quot;:&quot;yes&quot;}\" data-widget_type=\"video.default\">\n\t\t\t\t<div class=\"elementor-widget-container\">\n\t\t\t\t\t\t\t<div class=\"elementor-wrapper elementor-open-inline\">\n\t\t\t<div class=\"elementor-video\"><\/div>\t\t<\/div>\n\t\t\t\t\t\t<\/div>\n\t\t\t\t<\/div>\n\t\t\t\t\t<\/div>\n\t\t<\/div>\n\t\t\t\t\t<\/div>\n\t\t<\/section>\n\t\t\t\t<\/div>\n\t\t","protected":false},"excerpt":{"rendered":"<p>Kongres #Maintenance360 to jedyne wydarzenie na rynku, podczas kt\u00f3rego uzyskasz nie tylko merytoryczn\u0105, ale przede wszystkim praktyczn\u0105 wiedz\u0119 o efektywnej wsp\u00f3\u0142pracy dzia\u0142u produkcji i utrzymania ruchu w zak\u0142adach produkcyjnych. Zakres tematyczny ka\u017cdej edycji opiera\u0107 si\u0119 b\u0119dzie na analizie aktualnych problem\u00f3w i sposob\u00f3w na podniesienie wydajno\u015bci produkcji, przedstawieniu praktycznych rozwi\u0105za\u0144 na konkretnych przyk\u0142adach, oraz planowaniu strategii i doskonaleniu proces\u00f3w.<\/p>\n","protected":false},"author":2,"featured_media":3842,"parent":0,"menu_order":0,"comment_status":"closed","ping_status":"closed","template":"elementor_header_footer","meta":{"_acf_changed":false,"_eb_attr":"","om_disable_all_campaigns":false,"_monsterinsights_skip_tracking":false,"_monsterinsights_sitenote_active":false,"_monsterinsights_sitenote_note":"","_monsterinsights_sitenote_category":0,"footnotes":""},"class_list":["post-3154","page","type-page","status-publish","has-post-thumbnail","hentry"],"acf":[],"aioseo_notices":[],"_links":{"self":[{"href":"https:\/\/maintenance360.pl\/index.php?rest_route=\/wp\/v2\/pages\/3154","targetHints":{"allow":["GET"]}}],"collection":[{"href":"https:\/\/maintenance360.pl\/index.php?rest_route=\/wp\/v2\/pages"}],"about":[{"href":"https:\/\/maintenance360.pl\/index.php?rest_route=\/wp\/v2\/types\/page"}],"author":[{"embeddable":true,"href":"https:\/\/maintenance360.pl\/index.php?rest_route=\/wp\/v2\/users\/2"}],"replies":[{"embeddable":true,"href":"https:\/\/maintenance360.pl\/index.php?rest_route=%2Fwp%2Fv2%2Fcomments&post=3154"}],"version-history":[{"count":3,"href":"https:\/\/maintenance360.pl\/index.php?rest_route=\/wp\/v2\/pages\/3154\/revisions"}],"predecessor-version":[{"id":3157,"href":"https:\/\/maintenance360.pl\/index.php?rest_route=\/wp\/v2\/pages\/3154\/revisions\/3157"}],"wp:featuredmedia":[{"embeddable":true,"href":"https:\/\/maintenance360.pl\/index.php?rest_route=\/wp\/v2\/media\/3842"}],"wp:attachment":[{"href":"https:\/\/maintenance360.pl\/index.php?rest_route=%2Fwp%2Fv2%2Fmedia&parent=3154"}],"curies":[{"name":"wp","href":"https:\/\/api.w.org\/{rel}","templated":true}]}}